{"id":280,"date":"2020-04-06T17:15:07","date_gmt":"2020-04-06T15:15:07","guid":{"rendered":"https:\/\/algplast.fr\/?page_id=280"},"modified":"2021-03-26T17:10:53","modified_gmt":"2021-03-26T16:10:53","slug":"tuyauterie-plastique","status":"publish","type":"page","link":"https:\/\/algplast.fr\/index.php\/tuyauterie-plastique\/","title":{"rendered":"Tuyauterie plastique"},"content":{"rendered":"","protected":false},"excerpt":{"rendered":"","protected":false},"author":1,"featured_media":433,"parent":0,"menu_order":0,"comment_status":"closed","ping_status":"closed","template":"","meta":{"footnotes":""},"class_list":["post-280","page","type-page","status-publish","has-post-thumbnail","hentry"],"yoast_head":"\n<title>Tuyauterie plastique - ALGplast<\/title>\n<meta name=\"description\" content=\"Tuyauterie industrielle plastique Conception, fabrication et assemblage de mat\u00e9riaux plastiques (PVCu, PEhd, PPH, PVDF) pour tout syst\u00e8me de tuyauterie industrielle adapt\u00e9 aux ouvrages li\u00e9s au traitement de l\u2019air, traitement de l\u2019eau, traitement des effluents industriels.\" \/>\n<meta name=\"robots\" content=\"index, follow, max-snippet:-1, max-image-preview:large, max-video-preview:-1\" \/>\n<link rel=\"canonical\" href=\"https:\/\/algplast.fr\/index.php\/tuyauterie-plastique\/\" \/>\n<meta property=\"og:locale\" content=\"fr_FR\" \/>\n<meta property=\"og:type\" content=\"article\" \/>\n<meta property=\"og:title\" content=\"Tuyauterie plastique - ALGplast\" \/>\n<meta property=\"og:description\" content=\"Tuyauterie industrielle plastique Conception, fabrication et assemblage de mat\u00e9riaux plastiques (PVCu, PEhd, PPH, PVDF) pour tout syst\u00e8me de tuyauterie industrielle adapt\u00e9 aux ouvrages li\u00e9s au traitement de l\u2019air, traitement de l\u2019eau, traitement des effluents industriels.\" \/>\n<meta property=\"og:url\" content=\"https:\/\/algplast.fr\/index.php\/tuyauterie-plastique\/\" \/>\n<meta property=\"og:site_name\" content=\"ALGplast\" \/>\n<meta property=\"article:modified_time\" content=\"2021-03-26T16:10:53+00:00\" \/>\n<meta property=\"og:image\" content=\"https:\/\/algplast.fr\/heephoaw\/2020\/04\/Photo-6-TUYAUTERIE-PLASTIQUE-1024x684.jpg\" \/>\n\t<meta property=\"og:image:width\" content=\"1024\" \/>\n\t<meta property=\"og:image:height\" content=\"684\" \/>\n\t<meta property=\"og:image:type\" content=\"image\/jpeg\" \/>\n<meta name=\"twitter:card\" content=\"summary_large_image\" \/>\n<script type=\"application\/ld+json\" class=\"yoast-schema-graph\">{\"@context\":\"https:\/\/schema.org\",\"@graph\":[{\"@type\":\"WebPage\",\"@id\":\"https:\/\/algplast.fr\/index.php\/tuyauterie-plastique\/\",\"url\":\"https:\/\/algplast.fr\/index.php\/tuyauterie-plastique\/\",\"name\":\"Tuyauterie plastique - ALGplast\",\"isPartOf\":{\"@id\":\"https:\/\/algplast.fr\/#website\"},\"primaryImageOfPage\":{\"@id\":\"https:\/\/algplast.fr\/index.php\/tuyauterie-plastique\/#primaryimage\"},\"image\":{\"@id\":\"https:\/\/algplast.fr\/index.php\/tuyauterie-plastique\/#primaryimage\"},\"thumbnailUrl\":\"https:\/\/algplast.fr\/heephoaw\/2020\/04\/Photo-6-TUYAUTERIE-PLASTIQUE.jpg\",\"datePublished\":\"2020-04-06T15:15:07+00:00\",\"dateModified\":\"2021-03-26T16:10:53+00:00\",\"description\":\"Tuyauterie industrielle plastique Conception, fabrication et assemblage de mat\u00e9riaux plastiques (PVCu, PEhd, PPH, PVDF) pour tout syst\u00e8me de tuyauterie industrielle adapt\u00e9 aux ouvrages li\u00e9s au traitement de l\u2019air, traitement de l\u2019eau, traitement des effluents industriels.\",\"breadcrumb\":{\"@id\":\"https:\/\/algplast.fr\/index.php\/tuyauterie-plastique\/#breadcrumb\"},\"inLanguage\":\"fr-FR\",\"potentialAction\":[{\"@type\":\"ReadAction\",\"target\":[\"https:\/\/algplast.fr\/index.php\/tuyauterie-plastique\/\"]}]},{\"@type\":\"ImageObject\",\"inLanguage\":\"fr-FR\",\"@id\":\"https:\/\/algplast.fr\/index.php\/tuyauterie-plastique\/#primaryimage\",\"url\":\"https:\/\/algplast.fr\/heephoaw\/2020\/04\/Photo-6-TUYAUTERIE-PLASTIQUE.jpg\",\"contentUrl\":\"https:\/\/algplast.fr\/heephoaw\/2020\/04\/Photo-6-TUYAUTERIE-PLASTIQUE.jpg\",\"width\":6016,\"height\":4016},{\"@type\":\"BreadcrumbList\",\"@id\":\"https:\/\/algplast.fr\/index.php\/tuyauterie-plastique\/#breadcrumb\",\"itemListElement\":[{\"@type\":\"ListItem\",\"position\":1,\"name\":\"Accueil\",\"item\":\"https:\/\/algplast.fr\/\"},{\"@type\":\"ListItem\",\"position\":2,\"name\":\"Tuyauterie plastique\"}]},{\"@type\":\"WebSite\",\"@id\":\"https:\/\/algplast.fr\/#website\",\"url\":\"https:\/\/algplast.fr\/\",\"name\":\"ALGplast\",\"description\":\"Chaudronnerie Plastique - Caen - Normandie\",\"publisher\":{\"@id\":\"https:\/\/algplast.fr\/#organization\"},\"potentialAction\":[{\"@type\":\"SearchAction\",\"target\":{\"@type\":\"EntryPoint\",\"urlTemplate\":\"https:\/\/algplast.fr\/?s={search_term_string}\"},\"query-input\":{\"@type\":\"PropertyValueSpecification\",\"valueRequired\":true,\"valueName\":\"search_term_string\"}}],\"inLanguage\":\"fr-FR\"},{\"@type\":\"Organization\",\"@id\":\"https:\/\/algplast.fr\/#organization\",\"name\":\"ALGplast\",\"url\":\"https:\/\/algplast.fr\/\",\"logo\":{\"@type\":\"ImageObject\",\"inLanguage\":\"fr-FR\",\"@id\":\"https:\/\/algplast.fr\/#\/schema\/logo\/image\/\",\"url\":\"https:\/\/algplast.fr\/heephoaw\/2020\/03\/Favicon.png\",\"contentUrl\":\"https:\/\/algplast.fr\/heephoaw\/2020\/03\/Favicon.png\",\"width\":180,\"height\":256,\"caption\":\"ALGplast\"},\"image\":{\"@id\":\"https:\/\/algplast.fr\/#\/schema\/logo\/image\/\"}}]}<\/script>\n","yoast_head_json":{"title":"Tuyauterie plastique - ALGplast","description":"Tuyauterie industrielle plastique Conception, fabrication et assemblage de mat\u00e9riaux plastiques (PVCu, PEhd, PPH, PVDF) pour tout syst\u00e8me de tuyauterie industrielle adapt\u00e9 aux ouvrages li\u00e9s au traitement de l\u2019air, traitement de l\u2019eau, traitement des effluents industriels.","robots":{"index":"index","follow":"follow","max-snippet":"max-snippet:-1","max-image-preview":"max-image-preview:large","max-video-preview":"max-video-preview:-1"},"canonical":"https:\/\/algplast.fr\/index.php\/tuyauterie-plastique\/","og_locale":"fr_FR","og_type":"article","og_title":"Tuyauterie plastique - ALGplast","og_description":"Tuyauterie industrielle plastique Conception, fabrication et assemblage de mat\u00e9riaux plastiques (PVCu, PEhd, PPH, PVDF) pour tout syst\u00e8me de tuyauterie industrielle adapt\u00e9 aux ouvrages li\u00e9s au traitement de l\u2019air, traitement de l\u2019eau, traitement des effluents industriels.","og_url":"https:\/\/algplast.fr\/index.php\/tuyauterie-plastique\/","og_site_name":"ALGplast","article_modified_time":"2021-03-26T16:10:53+00:00","og_image":[{"width":1024,"height":684,"url":"https:\/\/algplast.fr\/heephoaw\/2020\/04\/Photo-6-TUYAUTERIE-PLASTIQUE-1024x684.jpg","type":"image\/jpeg"}],"twitter_card":"summary_large_image","schema":{"@context":"https:\/\/schema.org","@graph":[{"@type":"WebPage","@id":"https:\/\/algplast.fr\/index.php\/tuyauterie-plastique\/","url":"https:\/\/algplast.fr\/index.php\/tuyauterie-plastique\/","name":"Tuyauterie plastique - ALGplast","isPartOf":{"@id":"https:\/\/algplast.fr\/#website"},"primaryImageOfPage":{"@id":"https:\/\/algplast.fr\/index.php\/tuyauterie-plastique\/#primaryimage"},"image":{"@id":"https:\/\/algplast.fr\/index.php\/tuyauterie-plastique\/#primaryimage"},"thumbnailUrl":"https:\/\/algplast.fr\/heephoaw\/2020\/04\/Photo-6-TUYAUTERIE-PLASTIQUE.jpg","datePublished":"2020-04-06T15:15:07+00:00","dateModified":"2021-03-26T16:10:53+00:00","description":"Tuyauterie industrielle plastique Conception, fabrication et assemblage de mat\u00e9riaux plastiques (PVCu, PEhd, PPH, PVDF) pour tout syst\u00e8me de tuyauterie industrielle adapt\u00e9 aux ouvrages li\u00e9s au traitement de l\u2019air, traitement de l\u2019eau, traitement des effluents industriels.","breadcrumb":{"@id":"https:\/\/algplast.fr\/index.php\/tuyauterie-plastique\/#breadcrumb"},"inLanguage":"fr-FR","potentialAction":[{"@type":"ReadAction","target":["https:\/\/algplast.fr\/index.php\/tuyauterie-plastique\/"]}]},{"@type":"ImageObject","inLanguage":"fr-FR","@id":"https:\/\/algplast.fr\/index.php\/tuyauterie-plastique\/#primaryimage","url":"https:\/\/algplast.fr\/heephoaw\/2020\/04\/Photo-6-TUYAUTERIE-PLASTIQUE.jpg","contentUrl":"https:\/\/algplast.fr\/heephoaw\/2020\/04\/Photo-6-TUYAUTERIE-PLASTIQUE.jpg","width":6016,"height":4016},{"@type":"BreadcrumbList","@id":"https:\/\/algplast.fr\/index.php\/tuyauterie-plastique\/#breadcrumb","itemListElement":[{"@type":"ListItem","position":1,"name":"Accueil","item":"https:\/\/algplast.fr\/"},{"@type":"ListItem","position":2,"name":"Tuyauterie plastique"}]},{"@type":"WebSite","@id":"https:\/\/algplast.fr\/#website","url":"https:\/\/algplast.fr\/","name":"ALGplast","description":"Chaudronnerie Plastique - Caen - Normandie","publisher":{"@id":"https:\/\/algplast.fr\/#organization"},"potentialAction":[{"@type":"SearchAction","target":{"@type":"EntryPoint","urlTemplate":"https:\/\/algplast.fr\/?s={search_term_string}"},"query-input":{"@type":"PropertyValueSpecification","valueRequired":true,"valueName":"search_term_string"}}],"inLanguage":"fr-FR"},{"@type":"Organization","@id":"https:\/\/algplast.fr\/#organization","name":"ALGplast","url":"https:\/\/algplast.fr\/","logo":{"@type":"ImageObject","inLanguage":"fr-FR","@id":"https:\/\/algplast.fr\/#\/schema\/logo\/image\/","url":"https:\/\/algplast.fr\/heephoaw\/2020\/03\/Favicon.png","contentUrl":"https:\/\/algplast.fr\/heephoaw\/2020\/03\/Favicon.png","width":180,"height":256,"caption":"ALGplast"},"image":{"@id":"https:\/\/algplast.fr\/#\/schema\/logo\/image\/"}}]}},"_links":{"self":[{"href":"https:\/\/algplast.fr\/index.php\/wp-json\/wp\/v2\/pages\/280","targetHints":{"allow":["GET"]}}],"collection":[{"href":"https:\/\/algplast.fr\/index.php\/wp-json\/wp\/v2\/pages"}],"about":[{"href":"https:\/\/algplast.fr\/index.php\/wp-json\/wp\/v2\/types\/page"}],"author":[{"embeddable":true,"href":"https:\/\/algplast.fr\/index.php\/wp-json\/wp\/v2\/users\/1"}],"replies":[{"embeddable":true,"href":"https:\/\/algplast.fr\/index.php\/wp-json\/wp\/v2\/comments?post=280"}],"version-history":[{"count":1,"href":"https:\/\/algplast.fr\/index.php\/wp-json\/wp\/v2\/pages\/280\/revisions"}],"predecessor-version":[{"id":282,"href":"https:\/\/algplast.fr\/index.php\/wp-json\/wp\/v2\/pages\/280\/revisions\/282"}],"wp:featuredmedia":[{"embeddable":true,"href":"https:\/\/algplast.fr\/index.php\/wp-json\/wp\/v2\/media\/433"}],"wp:attachment":[{"href":"https:\/\/algplast.fr\/index.php\/wp-json\/wp\/v2\/media?parent=280"}],"curies":[{"name":"wp","href":"https:\/\/api.w.org\/{rel}","templated":true}]}}